{"id":11021,"date":"2023-11-20T09:59:20","date_gmt":"2023-11-20T09:59:20","guid":{"rendered":"https:\/\/laureate.dz\/?post_type=product&#038;p=11021"},"modified":"2024-06-23T15:11:10","modified_gmt":"2024-06-23T15:11:10","slug":"huile-dargan","status":"publish","type":"product","link":"https:\/\/laureate.dz\/?product=huile-dargan","title":{"rendered":"Huile d\u2019argan"},"content":{"rendered":"<h5 style=\"text-align: left;\">L\u2019huile d\u2019argan de LAUREATE nourrit et r\u00e9pare les cheveux secs et abim\u00e9s sans les alourdir. Sa formule tr\u00e8s riche en huile d\u2019argan reconstruit les micro-fractures et les imperfections de la fibre capillaire et soude les pointes fourchues<\/h5>\n<h4 style=\"text-align: left;\"><strong>Mode d\u2019emploi<\/strong><\/h4>\n<h5>Verser une goutte du s\u00e9rum dans la paume de votre main. Frotter les mains entre elles, puis les faire passer \u00e0 travers des cheveux humides ou secs, de mani\u00e8re \u00e0 les peigner \u00e0 l&rsquo;aide de vos doigts.<\/h5>\n<h4><\/h4>\n<h5><\/h5>\n<p>&nbsp;<\/p>\n","protected":false},"excerpt":{"rendered":"<h4 style=\"text-align: center;\">Vous souhaitez offrir une souplesse et redonner vitalit\u00e9 \u00e0 vos cheveux secs et cassants ? L\u2019huile d\u2019argan LAUREATE pour cheveux secs et abim\u00e9s\u00a0est la solution id\u00e9ale ! Sa formule tr\u00e8s riche en huile d\u2019argan nourrit et r\u00e9pare profond\u00e9ment les cheveux ab\u00eem\u00e9s, aide \u00e0 combler les br\u00e8ches et sceller les \u00e9cailles jusqu&rsquo;aux pointes cass\u00e9es et fourchues. Le r\u00e9sultat : Cheveux doux et souples jusqu\u2019aux zones les plus touch\u00e9es.<\/h4>\n<h4 style=\"text-align: center;\"><\/h4>\n","protected":false},"featured_media":32341,"comment_status":"open","ping_status":"closed","template":"","meta":[],"product_brand":[],"product_cat":[3591],"product_tag":[],"class_list":{"0":"post-11021","1":"product","2":"type-product","3":"status-publish","4":"has-post-thumbnail","6":"product_cat-huiles_serums-fr","8":"first","9":"instock","10":"shipping-taxable","11":"product-type-simple"},"_links":{"self":[{"href":"https:\/\/laureate.dz\/index.php?rest_route=\/wp\/v2\/product\/11021","targetHints":{"allow":["GET"]}}],"collection":[{"href":"https:\/\/laureate.dz\/index.php?rest_route=\/wp\/v2\/product"}],"about":[{"href":"https:\/\/laureate.dz\/index.php?rest_route=\/wp\/v2\/types\/product"}],"replies":[{"embeddable":true,"href":"https:\/\/laureate.dz\/index.php?rest_route=%2Fwp%2Fv2%2Fcomments&post=11021"}],"version-history":[{"count":5,"href":"https:\/\/laureate.dz\/index.php?rest_route=\/wp\/v2\/product\/11021\/revisions"}],"predecessor-version":[{"id":44731,"href":"https:\/\/laureate.dz\/index.php?rest_route=\/wp\/v2\/product\/11021\/revisions\/44731"}],"wp:featuredmedia":[{"embeddable":true,"href":"https:\/\/laureate.dz\/index.php?rest_route=\/wp\/v2\/media\/32341"}],"wp:attachment":[{"href":"https:\/\/laureate.dz\/index.php?rest_route=%2Fwp%2Fv2%2Fmedia&parent=11021"}],"wp:term":[{"taxonomy":"product_brand","embeddable":true,"href":"https:\/\/laureate.dz\/index.php?rest_route=%2Fwp%2Fv2%2Fproduct_brand&post=11021"},{"taxonomy":"product_cat","embeddable":true,"href":"https:\/\/laureate.dz\/index.php?rest_route=%2Fwp%2Fv2%2Fproduct_cat&post=11021"},{"taxonomy":"product_tag","embeddable":true,"href":"https:\/\/laureate.dz\/index.php?rest_route=%2Fwp%2Fv2%2Fproduct_tag&post=11021"}],"curies":[{"name":"wp","href":"https:\/\/api.w.org\/{rel}","templated":true}]}}