{"id":11091,"date":"2023-11-20T10:29:51","date_gmt":"2023-11-20T10:29:51","guid":{"rendered":"https:\/\/laureate.dz\/?post_type=product&#038;p=11091"},"modified":"2026-04-09T00:10:28","modified_gmt":"2026-04-09T00:10:28","slug":"creme-decolorante","status":"publish","type":"product","link":"https:\/\/laureate.dz\/?product=creme-decolorante","title":{"rendered":"Cr\u00e8me D\u00e9colorante"},"content":{"rendered":"<h5 style=\"text-align: left;\">La cr\u00e8me d\u00e9colorante LAUREATE poss\u00e8de \u00e0 la fois un excellent pouvoir d\u00e9colorant et un effet adoucissant en m\u00eame temps. Grace \u00e0 sa formule sp\u00e9ciale, elle permet jusqu&rsquo;\u00e0 8 tons d&rsquo;\u00e9claircissement avec une d\u00e9coloration rapide qui n\u2019ab\u00eeme pas les cheveux.<\/h5>\n<h5><\/h5>\n<h4><strong>Mode d\u2019emploi<\/strong><\/h4>\n<h5>Porter des gants appropri\u00e9s. Mettre la quantit\u00e9 requise de cette cr\u00e8me d\u00e9colorante dans un bol non m\u00e9tallique. Ajouter la dose de la cr\u00e8me oxydante LAUREATE du volume choisi (20\/30 Vol) avec un rapport de m\u00e9lange 1 : 1 ( 1 dose de cr\u00e8me d\u00e9colorante avec 1 dose de cr\u00e8me oxydante LAUREATE). Bien m\u00e9langer avec un pinceau ou une cuill\u00e8re en plastique jusqu\u2019\u00e0 l\u2019obtention d\u2019un m\u00e9lange cr\u00e9meux et homog\u00e8ne. Appliquer le m\u00e9lange sur des cheveux secs non lav\u00e9s. Laisser agir pendant 15 \u00e0 45 minutes. V\u00e9rifier fr\u00e9quemment l\u2019avancement de la r\u00e9action de d\u00e9coloration jusqu\u2019\u00e0 l\u2019obtention du niveau d\u2019\u00e9claircissement souhait\u00e9. Rincer abondamment. Pour des cheveux tr\u00e8s doux et souples, utiliser le kit LAUREATE (shampooing et apr\u00e8s shampooing) \u00e0 l\u2019huile d\u2019argan pour laver les cheveux apr\u00e8s le processus de d\u00e9coloration.<\/h5>\n<h5><\/h5>\n<p>&nbsp;<\/p>\n","protected":false},"excerpt":{"rendered":"<h4 style=\"text-align: center;\">Cette cr\u00e8me d\u00e9colorante en m\u00e9lange avec la cr\u00e8me oxydante LAUREATE forme une \u00e9mulsion homog\u00e8ne ayant une adh\u00e9rence parfaite sur le cheveu, permettant ainsi une application facile, rapide et efficace. Sa composition en cire d\u2019abeille apaise le cuir chevelu pendant le traitement de d\u00e9coloration tout en prot\u00e9geant et hydratant profond\u00e9ment la chevelure. Le r\u00e9sultat : Un \u00e9claircissement uniforme et r\u00e9gulier avec un toucher doux.<\/h4>\n<h4 style=\"text-align: center;\"><\/h4>\n","protected":false},"featured_media":32011,"comment_status":"open","ping_status":"closed","template":"","meta":[],"product_brand":[],"product_cat":[501],"product_tag":[],"class_list":{"0":"post-11091","1":"product","2":"type-product","3":"status-publish","4":"has-post-thumbnail","6":"product_cat-produits-decolorantes","8":"first","9":"instock","10":"shipping-taxable","11":"product-type-simple"},"_links":{"self":[{"href":"https:\/\/laureate.dz\/index.php?rest_route=\/wp\/v2\/product\/11091","targetHints":{"allow":["GET"]}}],"collection":[{"href":"https:\/\/laureate.dz\/index.php?rest_route=\/wp\/v2\/product"}],"about":[{"href":"https:\/\/laureate.dz\/index.php?rest_route=\/wp\/v2\/types\/product"}],"replies":[{"embeddable":true,"href":"https:\/\/laureate.dz\/index.php?rest_route=%2Fwp%2Fv2%2Fcomments&post=11091"}],"version-history":[{"count":6,"href":"https:\/\/laureate.dz\/index.php?rest_route=\/wp\/v2\/product\/11091\/revisions"}],"predecessor-version":[{"id":41291,"href":"https:\/\/laureate.dz\/index.php?rest_route=\/wp\/v2\/product\/11091\/revisions\/41291"}],"wp:featuredmedia":[{"embeddable":true,"href":"https:\/\/laureate.dz\/index.php?rest_route=\/wp\/v2\/media\/32011"}],"wp:attachment":[{"href":"https:\/\/laureate.dz\/index.php?rest_route=%2Fwp%2Fv2%2Fmedia&parent=11091"}],"wp:term":[{"taxonomy":"product_brand","embeddable":true,"href":"https:\/\/laureate.dz\/index.php?rest_route=%2Fwp%2Fv2%2Fproduct_brand&post=11091"},{"taxonomy":"product_cat","embeddable":true,"href":"https:\/\/laureate.dz\/index.php?rest_route=%2Fwp%2Fv2%2Fproduct_cat&post=11091"},{"taxonomy":"product_tag","embeddable":true,"href":"https:\/\/laureate.dz\/index.php?rest_route=%2Fwp%2Fv2%2Fproduct_tag&post=11091"}],"curies":[{"name":"wp","href":"https:\/\/api.w.org\/{rel}","templated":true}]}}