{"id":11231,"date":"2023-11-21T08:52:56","date_gmt":"2023-11-21T08:52:56","guid":{"rendered":"https:\/\/laureate.dz\/?post_type=product&#038;p=11231"},"modified":"2026-04-09T00:10:44","modified_gmt":"2026-04-09T00:10:44","slug":"shampooing-clarifiant","status":"publish","type":"product","link":"https:\/\/laureate.dz\/?product=shampooing-clarifiant","title":{"rendered":"Shampooing Clarifiant"},"content":{"rendered":"<h5 style=\"text-align: left;\">Shampooing clarifiant hydratant et riche en vitamine E. Ce shampooing nettoie la chevelure en profondeur, \u00e9limine les impuret\u00e9s, les silicones et les particules polluantes pour purifier en douceur les cheveux de la racine jusqu&rsquo;aux pointes. Ceci permettra de pr\u00e9parer vos cheveux aux diff\u00e9rents soins capillaires souhait\u00e9s et garantir ainsi un meilleur r\u00e9sultat.<\/h5>\n<h5><strong>Mode d\u2019emploi<\/strong><\/h5>\n<h5>Mouiller bien toute la chevelure. Appliquer le shampooing clarifiant sur le cuir chevelu et masser d\u00e9licatement avec les bouts des doigts pour le faire mousser. Rincer abondement \u00e0 l\u2019eau. N\u2019h\u00e9sitez pas \u00e0 renouveler l\u2019op\u00e9ration si n\u00e9cessaire.<\/h5>\n<p>&nbsp;<\/p>\n<h5><\/h5>\n<p>&nbsp;<\/p>\n","protected":false},"excerpt":{"rendered":"<h4 style=\"text-align: center;\">Parfait pour tous types de cheveux, Riche en vitamine E et tr\u00e8s faciles \u00e0 appliquer et \u00e0 rincer, le shampooing clarifiant de LAUREATE nettoie efficacement la chevelure afin de garantir une absorption maximale des soins appliqu\u00e9s par la suite.<\/h4>\n<h4 style=\"text-align: center;\"><\/h4>\n","protected":false},"featured_media":34401,"comment_status":"open","ping_status":"closed","template":"","meta":[],"product_brand":[],"product_cat":[3781],"product_tag":[],"class_list":{"0":"post-11231","1":"product","2":"type-product","3":"status-publish","4":"has-post-thumbnail","6":"product_cat-shampooing","8":"first","9":"instock","10":"shipping-taxable","11":"product-type-simple"},"_links":{"self":[{"href":"https:\/\/laureate.dz\/index.php?rest_route=\/wp\/v2\/product\/11231","targetHints":{"allow":["GET"]}}],"collection":[{"href":"https:\/\/laureate.dz\/index.php?rest_route=\/wp\/v2\/product"}],"about":[{"href":"https:\/\/laureate.dz\/index.php?rest_route=\/wp\/v2\/types\/product"}],"replies":[{"embeddable":true,"href":"https:\/\/laureate.dz\/index.php?rest_route=%2Fwp%2Fv2%2Fcomments&post=11231"}],"version-history":[{"count":2,"href":"https:\/\/laureate.dz\/index.php?rest_route=\/wp\/v2\/product\/11231\/revisions"}],"predecessor-version":[{"id":14831,"href":"https:\/\/laureate.dz\/index.php?rest_route=\/wp\/v2\/product\/11231\/revisions\/14831"}],"wp:featuredmedia":[{"embeddable":true,"href":"https:\/\/laureate.dz\/index.php?rest_route=\/wp\/v2\/media\/34401"}],"wp:attachment":[{"href":"https:\/\/laureate.dz\/index.php?rest_route=%2Fwp%2Fv2%2Fmedia&parent=11231"}],"wp:term":[{"taxonomy":"product_brand","embeddable":true,"href":"https:\/\/laureate.dz\/index.php?rest_route=%2Fwp%2Fv2%2Fproduct_brand&post=11231"},{"taxonomy":"product_cat","embeddable":true,"href":"https:\/\/laureate.dz\/index.php?rest_route=%2Fwp%2Fv2%2Fproduct_cat&post=11231"},{"taxonomy":"product_tag","embeddable":true,"href":"https:\/\/laureate.dz\/index.php?rest_route=%2Fwp%2Fv2%2Fproduct_tag&post=11231"}],"curies":[{"name":"wp","href":"https:\/\/api.w.org\/{rel}","templated":true}]}}