{"id":11461,"date":"2023-11-21T09:44:15","date_gmt":"2023-11-21T09:44:15","guid":{"rendered":"https:\/\/laureate.dz\/?post_type=product&#038;p=11461"},"modified":"2026-03-06T11:45:57","modified_gmt":"2026-03-06T11:45:57","slug":"kit-traitant-argan-shampooing-apres-shampooing","status":"publish","type":"product","link":"https:\/\/laureate.dz\/?product=kit-traitant-argan-shampooing-apres-shampooing","title":{"rendered":"Kit traitant argan"},"content":{"rendered":"<h5 style=\"text-align: left;\">Le kit traitant \u00e0 base d\u2019huile d\u2019argan, enrichie \u00e0 la vitamine E et en prot\u00e9ines du bl\u00e9. Avec un shampooing traitant qui nettoie les cheveux en douceur et leur apporte souplesse et brillance + un apr\u00e8s shampooing nourrissant et revitalisant.<\/h5>\n<h4><strong>Mode d\u2019emploi<\/strong><\/h4>\n<h5>Appliquer le shampooing traitant \u00e0 l\u2019huile d\u2019argan sur le cuir chevelu et masser d\u00e9licatement avec les bouts des doigts pour le faire mousser. Rincer abondement \u00e0 l\u2019eau. Egoutter vos cheveux puis, appliquer l\u2019apr\u00e8s shampooing sur les longueurs. Laisser agir pendant 2 \u2013 3 minutes puis rincer.<\/h5>\n<h5><\/h5>\n","protected":false},"excerpt":{"rendered":"<h4 style=\"text-align: center;\">La formule sp\u00e9ciale du kit traitant argan est tr\u00e8s riche en prot\u00e9ines et huile d\u2019argan qui agissent au c\u0153ur de la fibre capillaire pour r\u00e9parer et renforcer les zones fragilis\u00e9es des cheveux. L\u2019utilisation des deux produits en association permet de prolong\u00e9 la dur\u00e9e des soins capillaires et prot\u00e8ge durablement contre les agressions ext\u00e9rieures. Le kit traitant argan offre le meilleur r\u00e9sultat\u00a0: cheveux souples, brillants et sains\u00a0!<\/h4>\n","protected":false},"featured_media":43471,"comment_status":"open","ping_status":"closed","template":"","meta":[],"product_brand":[],"product_cat":[3781],"product_tag":[],"class_list":{"0":"post-11461","1":"product","2":"type-product","3":"status-publish","4":"has-post-thumbnail","6":"product_cat-shampooing","8":"first","9":"instock","10":"shipping-taxable","11":"product-type-simple"},"_links":{"self":[{"href":"https:\/\/laureate.dz\/index.php?rest_route=\/wp\/v2\/product\/11461","targetHints":{"allow":["GET"]}}],"collection":[{"href":"https:\/\/laureate.dz\/index.php?rest_route=\/wp\/v2\/product"}],"about":[{"href":"https:\/\/laureate.dz\/index.php?rest_route=\/wp\/v2\/types\/product"}],"replies":[{"embeddable":true,"href":"https:\/\/laureate.dz\/index.php?rest_route=%2Fwp%2Fv2%2Fcomments&post=11461"}],"version-history":[{"count":5,"href":"https:\/\/laureate.dz\/index.php?rest_route=\/wp\/v2\/product\/11461\/revisions"}],"predecessor-version":[{"id":30711,"href":"https:\/\/laureate.dz\/index.php?rest_route=\/wp\/v2\/product\/11461\/revisions\/30711"}],"wp:featuredmedia":[{"embeddable":true,"href":"https:\/\/laureate.dz\/index.php?rest_route=\/wp\/v2\/media\/43471"}],"wp:attachment":[{"href":"https:\/\/laureate.dz\/index.php?rest_route=%2Fwp%2Fv2%2Fmedia&parent=11461"}],"wp:term":[{"taxonomy":"product_brand","embeddable":true,"href":"https:\/\/laureate.dz\/index.php?rest_route=%2Fwp%2Fv2%2Fproduct_brand&post=11461"},{"taxonomy":"product_cat","embeddable":true,"href":"https:\/\/laureate.dz\/index.php?rest_route=%2Fwp%2Fv2%2Fproduct_cat&post=11461"},{"taxonomy":"product_tag","embeddable":true,"href":"https:\/\/laureate.dz\/index.php?rest_route=%2Fwp%2Fv2%2Fproduct_tag&post=11461"}],"curies":[{"name":"wp","href":"https:\/\/api.w.org\/{rel}","templated":true}]}}