{"id":154,"date":"2021-02-06T13:23:10","date_gmt":"2021-02-06T13:23:10","guid":{"rendered":"https:\/\/klbtheme.com\/cosmetsy\/?post_type=product&#038;p=154"},"modified":"2025-09-17T09:40:41","modified_gmt":"2025-09-17T09:40:41","slug":"hydrating-gel-cream","status":"publish","type":"product","link":"https:\/\/laureate.dz\/?product=hydrating-gel-cream","title":{"rendered":"Poudre D\u00e9colorante \u00e9claircissante 9 Tons Pr\u00e9cision Multi Blonde"},"content":{"rendered":"<h5><strong>Le kit de d\u00e9coloration de LAUREATE est compos\u00e9 d\u2019un sachet de poudre d\u00e9colorante \u00e9claircissante (30 g) et d\u2019un flacon de cr\u00e8me oxydante 30 Vol (75 ml).Le m\u00e9lange de ces deux produits vous permettent une d\u00e9coloration jusqu\u2019\u00e0 9 tons tout en prot\u00e9geant votre chevelure.<\/strong><\/h5>\n<h4><b>Mode d\u2019emploi\u00a0<\/b><\/h4>\n<h5><strong>Porter des gants appropri\u00e9s. Ensuite, dans un bol non m\u00e9tallique verser 30g de la poudre d\u00e9colorante (le contenu du sachet), puis ajouter progressivement 75ml de la cr\u00e8me oxydante 30 Vol (le contenu du flacon entier\/partiel selon le besoin). M\u00e9langer avec un pinceau ou une cuill\u00e8re en plastique jusqu\u2019\u00e0 obtenir une cr\u00e8me onctueuse et homog\u00e8ne. Appliquer la cr\u00e8me sur des cheveux secs non lav\u00e9s. Laisser agir pendant 15 \u00e0 45 minutes. V\u00e9rifier fr\u00e9quemment l\u2019avancement de la r\u00e9action de d\u00e9coloration jusqu\u2019\u00e0 l\u2019obtention du niveau d\u2019\u00e9claircissement souhait\u00e9. Rincer abondamment. Pour des cheveux tr\u00e8s doux et souples, utiliser le kit LAUREATE (shampooing et apr\u00e8s shampooing) \u00e0 l\u2019huile d\u2019argan pour laver vos cheveux apr\u00e8s le processus de d\u00e9coloration. <\/strong><\/h5>\n","protected":false},"excerpt":{"rendered":"<h4 style=\"text-align: center;\">Ce kit de d\u00e9coloration est id\u00e9al pour une action super \u00e9claircissante rapide et puissante jusqu&rsquo;\u00e0 9 tons. Grace \u00e0 nos formules sp\u00e9ciales, le m\u00e9lange d\u00e9colorant reste stable et ne s\u00e8che pas pendant l\u2019application. Cela, rend la d\u00e9coloration plus efficace et rapide. Le r\u00e9sultat : Un \u00e9claircissement uniforme ! Cheveux doux non <strong>ab\u00eem\u00e9s<\/strong> !<\/h4>\n","protected":false},"featured_media":32921,"comment_status":"open","ping_status":"closed","template":"","meta":[],"product_brand":[],"product_cat":[501],"product_tag":[],"class_list":{"0":"post-154","1":"product","2":"type-product","3":"status-publish","4":"has-post-thumbnail","6":"product_cat-produits-decolorantes","8":"first","9":"instock","10":"shipping-taxable","11":"product-type-simple"},"_links":{"self":[{"href":"https:\/\/laureate.dz\/index.php?rest_route=\/wp\/v2\/product\/154","targetHints":{"allow":["GET"]}}],"collection":[{"href":"https:\/\/laureate.dz\/index.php?rest_route=\/wp\/v2\/product"}],"about":[{"href":"https:\/\/laureate.dz\/index.php?rest_route=\/wp\/v2\/types\/product"}],"replies":[{"embeddable":true,"href":"https:\/\/laureate.dz\/index.php?rest_route=%2Fwp%2Fv2%2Fcomments&post=154"}],"version-history":[{"count":6,"href":"https:\/\/laureate.dz\/index.php?rest_route=\/wp\/v2\/product\/154\/revisions"}],"predecessor-version":[{"id":41371,"href":"https:\/\/laureate.dz\/index.php?rest_route=\/wp\/v2\/product\/154\/revisions\/41371"}],"wp:featuredmedia":[{"embeddable":true,"href":"https:\/\/laureate.dz\/index.php?rest_route=\/wp\/v2\/media\/32921"}],"wp:attachment":[{"href":"https:\/\/laureate.dz\/index.php?rest_route=%2Fwp%2Fv2%2Fmedia&parent=154"}],"wp:term":[{"taxonomy":"product_brand","embeddable":true,"href":"https:\/\/laureate.dz\/index.php?rest_route=%2Fwp%2Fv2%2Fproduct_brand&post=154"},{"taxonomy":"product_cat","embeddable":true,"href":"https:\/\/laureate.dz\/index.php?rest_route=%2Fwp%2Fv2%2Fproduct_cat&post=154"},{"taxonomy":"product_tag","embeddable":true,"href":"https:\/\/laureate.dz\/index.php?rest_route=%2Fwp%2Fv2%2Fproduct_tag&post=154"}],"curies":[{"name":"wp","href":"https:\/\/api.w.org\/{rel}","templated":true}]}}