{"id":3751,"date":"2021-02-28T19:25:26","date_gmt":"2021-02-28T19:25:26","guid":{"rendered":"https:\/\/laureate.dz\/?post_type=product&#038;p=3751"},"modified":"2025-10-20T23:58:55","modified_gmt":"2025-10-20T23:58:55","slug":"creme-colorante-traitante-23","status":"publish","type":"product","link":"https:\/\/laureate.dz\/?product=creme-colorante-traitante-23","title":{"rendered":"Cr\u00e8me colorante traitante N\u00b023"},"content":{"rendered":"<h5><span style=\"font-weight: 400;\">\u00a0La cr\u00e8me colorante LAUREATE \u00e0 la vitamine C est une coloration permanente utilis\u00e9e pour tous types de cheveux. Elle vous offre une couleur intense de longue tenue et couvre compl\u00e8tement les cheveux Blancs.<\/span><\/h5>\n<h4><b>Mode d\u2019emploi <\/b><\/h4>\n<h5><span style=\"font-weight: 400;\">Porter des gants appropri\u00e9s, puis doser la quantit\u00e9 n\u00e9cessaire de cette cr\u00e8me colorante dans un bol non m\u00e9tallique. Ajouter la dose de la cr\u00e8me oxydante LAUREATE du volume choisi (20\/30\/40 Vol) avec un rapport de m\u00e9lange 1 : 1 ( 1 dose de cr\u00e8me colorante avec une dose de cr\u00e8me oxydante). M\u00e9langer jusqu&rsquo;\u00e0 l&rsquo;obtention d&rsquo;une \u00e9mulsion uniforme. Appliquer le m\u00e9lange sur des cheveux secs non lav\u00e9s. Laisser agir pendant 35 minutes puis rincer abondamment \u00e0 l\u2019eau. Pour un meilleur r\u00e9sultat, utiliser le kit LAUREATE (shampooing et apr\u00e8s shampooing) \u00e0 la k\u00e9ratine pour laver vos cheveux apr\u00e8s le processus de coloration.<\/span><\/h5>\n<h4 style=\"text-align: left;\"><\/h4>\n","protected":false},"excerpt":{"rendered":"<h3 style=\"text-align: left;\">Num\u00e9ro international de la couleur : 11.1<br \/>\nNum\u00e9ro sp\u00e9cial de LAUREATE : 23<br \/>\nNom de la couleur : Blond Extra Clair Cendr\u00e9<\/h3>\n<p>&nbsp;<\/p>\n<h4 style=\"text-align: center;\"><span style=\"font-weight: 400;\">La formule sp\u00e9cifique de cette cr\u00e8me colorante m\u00e9lang\u00e9e \u00e0 la cr\u00e8me oxydante LAUREATE favorise l&rsquo;action traitante, restructurante et \u00e9molliente. Enrichie en vitamine C, notre cr\u00e8me prot\u00e8ge les fibres capillaires, pr\u00e9vient les pointes s\u00e8ches et apporte de la souplesse et de la luminosit\u00e9 aux cheveux. Nos sp\u00e9ciaux pigments adh\u00e8rent parfaitement aux fibres capillaires,\u00a0<\/span><span style=\"font-weight: 400;\">cela assure une couverture compl\u00e8te des cheveux blancs, une action maximale, et une tenue prolong\u00e9e de la couleur.<\/span><\/h4>\n<h4 style=\"text-align: left;\"><\/h4>\n","protected":false},"featured_media":29501,"comment_status":"open","ping_status":"closed","template":"","meta":[],"product_brand":[],"product_cat":[3011],"product_tag":[],"class_list":{"0":"post-3751","1":"product","2":"type-product","3":"status-publish","4":"has-post-thumbnail","6":"product_cat-creme-colorante","8":"first","9":"instock","10":"shipping-taxable","11":"product-type-simple"},"_links":{"self":[{"href":"https:\/\/laureate.dz\/index.php?rest_route=\/wp\/v2\/product\/3751","targetHints":{"allow":["GET"]}}],"collection":[{"href":"https:\/\/laureate.dz\/index.php?rest_route=\/wp\/v2\/product"}],"about":[{"href":"https:\/\/laureate.dz\/index.php?rest_route=\/wp\/v2\/types\/product"}],"replies":[{"embeddable":true,"href":"https:\/\/laureate.dz\/index.php?rest_route=%2Fwp%2Fv2%2Fcomments&post=3751"}],"version-history":[{"count":4,"href":"https:\/\/laureate.dz\/index.php?rest_route=\/wp\/v2\/product\/3751\/revisions"}],"predecessor-version":[{"id":39481,"href":"https:\/\/laureate.dz\/index.php?rest_route=\/wp\/v2\/product\/3751\/revisions\/39481"}],"wp:featuredmedia":[{"embeddable":true,"href":"https:\/\/laureate.dz\/index.php?rest_route=\/wp\/v2\/media\/29501"}],"wp:attachment":[{"href":"https:\/\/laureate.dz\/index.php?rest_route=%2Fwp%2Fv2%2Fmedia&parent=3751"}],"wp:term":[{"taxonomy":"product_brand","embeddable":true,"href":"https:\/\/laureate.dz\/index.php?rest_route=%2Fwp%2Fv2%2Fproduct_brand&post=3751"},{"taxonomy":"product_cat","embeddable":true,"href":"https:\/\/laureate.dz\/index.php?rest_route=%2Fwp%2Fv2%2Fproduct_cat&post=3751"},{"taxonomy":"product_tag","embeddable":true,"href":"https:\/\/laureate.dz\/index.php?rest_route=%2Fwp%2Fv2%2Fproduct_tag&post=3751"}],"curies":[{"name":"wp","href":"https:\/\/api.w.org\/{rel}","templated":true}]}}