{"id":42781,"date":"2024-05-20T12:38:37","date_gmt":"2024-05-20T12:38:37","guid":{"rendered":"https:\/\/laureate.dz\/?post_type=product&#038;p=42781"},"modified":"2024-05-27T12:12:26","modified_gmt":"2024-05-27T12:12:26","slug":"papillon-rouge","status":"publish","type":"product","link":"https:\/\/laureate.dz\/?product=papillon-rouge","title":{"rendered":"Papillon rouge"},"content":{"rendered":"","protected":false},"excerpt":{"rendered":"<h4 style=\"text-align: center;\">D\u00e9couvrez une exp\u00e9rience sensuelle immersive avec notre parfum Papillon. Son d\u00e9licat parfum floral de jasmin cr\u00e9e une exp\u00e9rience sensuelle raffin\u00e9e qui vous transporte dans un pass\u00e9 plein de douceur et de passion. Chaque spray r\u00e9veille de beaux souvenirs et des moments pr\u00e9cieux.<\/h4>\n","protected":false},"featured_media":42791,"comment_status":"open","ping_status":"closed","template":"","meta":[],"product_brand":[],"product_cat":[6721],"product_tag":[],"class_list":{"0":"post-42781","1":"product","2":"type-product","3":"status-publish","4":"has-post-thumbnail","6":"product_cat-parfums","8":"first","9":"instock","10":"shipping-taxable","11":"product-type-simple"},"_links":{"self":[{"href":"https:\/\/laureate.dz\/index.php?rest_route=\/wp\/v2\/product\/42781","targetHints":{"allow":["GET"]}}],"collection":[{"href":"https:\/\/laureate.dz\/index.php?rest_route=\/wp\/v2\/product"}],"about":[{"href":"https:\/\/laureate.dz\/index.php?rest_route=\/wp\/v2\/types\/product"}],"replies":[{"embeddable":true,"href":"https:\/\/laureate.dz\/index.php?rest_route=%2Fwp%2Fv2%2Fcomments&post=42781"}],"version-history":[{"count":1,"href":"https:\/\/laureate.dz\/index.php?rest_route=\/wp\/v2\/product\/42781\/revisions"}],"predecessor-version":[{"id":42821,"href":"https:\/\/laureate.dz\/index.php?rest_route=\/wp\/v2\/product\/42781\/revisions\/42821"}],"wp:featuredmedia":[{"embeddable":true,"href":"https:\/\/laureate.dz\/index.php?rest_route=\/wp\/v2\/media\/42791"}],"wp:attachment":[{"href":"https:\/\/laureate.dz\/index.php?rest_route=%2Fwp%2Fv2%2Fmedia&parent=42781"}],"wp:term":[{"taxonomy":"product_brand","embeddable":true,"href":"https:\/\/laureate.dz\/index.php?rest_route=%2Fwp%2Fv2%2Fproduct_brand&post=42781"},{"taxonomy":"product_cat","embeddable":true,"href":"https:\/\/laureate.dz\/index.php?rest_route=%2Fwp%2Fv2%2Fproduct_cat&post=42781"},{"taxonomy":"product_tag","embeddable":true,"href":"https:\/\/laureate.dz\/index.php?rest_route=%2Fwp%2Fv2%2Fproduct_tag&post=42781"}],"curies":[{"name":"wp","href":"https:\/\/api.w.org\/{rel}","templated":true}]}}