{"id":8741,"date":"2023-11-16T11:19:22","date_gmt":"2023-11-16T11:19:22","guid":{"rendered":"https:\/\/laureate.dz\/?post_type=product&#038;p=8741"},"modified":"2024-09-06T02:24:09","modified_gmt":"2024-09-06T02:24:09","slug":"creme-oxydante-20-vol-1l","status":"publish","type":"product","link":"https:\/\/laureate.dz\/?product=creme-oxydante-20-vol-1l","title":{"rendered":"Cr\u00e8me oxydante 20 Vol 1L"},"content":{"rendered":"<h5>La Cr\u00e8me oxydante LAUREATE est une \u00e9mulsion de couleur blanche disponible \u00e0 diff\u00e9rents volumes : 10 Vol (3%), 20 Vol (6%), 30 Vol (9%) ou 40 Vol (12%). Elle est utilis\u00e9e pour colorer ou d\u00e9colorer les cheveux<\/h5>\n<h4 style=\"text-align: left;\"><strong>Mode d\u2019emploi<\/strong><\/h4>\n<h5 style=\"text-align: left;\">Choisir le volume en fonction du r\u00e9sultat souhait\u00e9 puis, m\u00e9langer la cr\u00e8me oxydante dans un bol non m\u00e9tallique avec les produits LAUREATE de coloration \/ d\u00e9coloration selon le besoin. Appliquer le m\u00e9lange sur des cheveux secs non lav\u00e9s. Laisser agir pendant un temps de pose pr\u00e9cis puis rincer.<\/h5>\n<h4><\/h4>\n<h5><\/h5>\n","protected":false},"excerpt":{"rendered":"<h4 style=\"text-align: center;\">La cr\u00e8me oxydante LAUREATE a une formule sp\u00e9cifique en \u00e9mulsion qui favorise l&rsquo;action \u00e9molliente. Elle garantit une action maximale tout en prot\u00e9geant la structure du cheveu pendant le processus chimique de coloration\/d\u00e9coloration. Gr\u00e2ce \u00e0 sa composition, l&rsquo;\u00e9mulsion maintient sa qualit\u00e9 sur une longue dur\u00e9e, ainsi, sa stabilit\u00e9 parfaite assure une quantit\u00e9 optimale d\u2019actifs n\u00e9cessaires pour la coloration \/ la d\u00e9coloration des cheveux.<\/h4>\n","protected":false},"featured_media":33591,"comment_status":"open","ping_status":"closed","template":"","meta":[],"product_brand":[],"product_cat":[841],"product_tag":[],"class_list":{"0":"post-8741","1":"product","2":"type-product","3":"status-publish","4":"has-post-thumbnail","6":"product_cat-creme-oxydante-fr","8":"first","9":"instock","10":"virtual","11":"product-type-simple"},"_links":{"self":[{"href":"https:\/\/laureate.dz\/index.php?rest_route=\/wp\/v2\/product\/8741","targetHints":{"allow":["GET"]}}],"collection":[{"href":"https:\/\/laureate.dz\/index.php?rest_route=\/wp\/v2\/product"}],"about":[{"href":"https:\/\/laureate.dz\/index.php?rest_route=\/wp\/v2\/types\/product"}],"replies":[{"embeddable":true,"href":"https:\/\/laureate.dz\/index.php?rest_route=%2Fwp%2Fv2%2Fcomments&post=8741"}],"version-history":[{"count":14,"href":"https:\/\/laureate.dz\/index.php?rest_route=\/wp\/v2\/product\/8741\/revisions"}],"predecessor-version":[{"id":16071,"href":"https:\/\/laureate.dz\/index.php?rest_route=\/wp\/v2\/product\/8741\/revisions\/16071"}],"wp:featuredmedia":[{"embeddable":true,"href":"https:\/\/laureate.dz\/index.php?rest_route=\/wp\/v2\/media\/33591"}],"wp:attachment":[{"href":"https:\/\/laureate.dz\/index.php?rest_route=%2Fwp%2Fv2%2Fmedia&parent=8741"}],"wp:term":[{"taxonomy":"product_brand","embeddable":true,"href":"https:\/\/laureate.dz\/index.php?rest_route=%2Fwp%2Fv2%2Fproduct_brand&post=8741"},{"taxonomy":"product_cat","embeddable":true,"href":"https:\/\/laureate.dz\/index.php?rest_route=%2Fwp%2Fv2%2Fproduct_cat&post=8741"},{"taxonomy":"product_tag","embeddable":true,"href":"https:\/\/laureate.dz\/index.php?rest_route=%2Fwp%2Fv2%2Fproduct_tag&post=8741"}],"curies":[{"name":"wp","href":"https:\/\/api.w.org\/{rel}","templated":true}]}}